{"id":717,"date":"2015-02-02T09:16:32","date_gmt":"2015-02-02T08:16:32","guid":{"rendered":"http:\/\/fahrschul-software.de\/?page_id=717"},"modified":"2025-09-22T15:31:05","modified_gmt":"2025-09-22T13:31:05","slug":"fragen-und-antworten","status":"publish","type":"page","link":"https:\/\/fahrschul-software.de\/?page_id=717","title":{"rendered":"Fragen und Antworten"},"content":{"rendered":"\n<p>Hier finden Sie eine Auflistung der uns am meisten gestellten Fragen und unsere Antworten.<\/p>\n\n\n\n<div class=\"custom-css-block\"><style>#aab_accordion_5c397b3f_0 {  }<\/style><\/div><div class=\"wp-block-aab-accordion-block aab__accordion_container  accessibilityOn\" style=\"margin-top:0px;margin-bottom:15px;border:1px solid #bcb6b638\" id=\"aab_accordion_5c397b3f_0\" role=\"button\" aria-expanded=\"false\" tabindex=\"0\"><div class=\"aab__accordion_head aab_right_icon \" style=\"background-color:#bcb6b638;border-top:none;border-right:none;border-bottom:none;border-left:none\"><div class=\"aab__accordion_heading aab_right_icon aab_right_link\"><div class=\"head_content_wrapper\"><div class=\"title_wrapper\"><h5 class=\"aab__accordion_title\" style=\"margin:0\">Kann ich ifas 5 und 6 gleichzeitig auf einem PC installieren?<\/h5><\/div><\/div><\/div><div class=\"aab__accordion_icon\" style=\"border:0px solid transparent\"><span class=\"aab__icon dashicons dashicons-plus-alt2\" style=\"font-size:23px\"><\/span><\/div><\/div><div class=\"aab__accordion_body  \" role=\"region\" style=\"display:none;border-top:1px solid #bcb6b638;border-right:none;border-bottom:none;border-left:none\"><div class=\"aab__accordion_component\">\n<p>Da ifas 5 und ifas 6\/7 teilweise gleiche Ressourcen verwenden, aber nicht miteinander kompatibel sind, sollten Sie es vermeiden das \u00e4ltere ifas 5 und das neuere ifas 6\/7 auf demselben PC gleichzeitig zu installieren. Unter Umst\u00e4nden wird ifas 5 nicht mehr funktionieren wenn Sie ifas 6\/7 nach ifas 5 auf demselben PC installieren.<\/p>\n\n\n\n<p>Wenn Sie nur 1 PC haben, aber unbedingt beide Fahrschul-Software Produkte gleichzeitig verwenden m\u00f6chten, empfehlen wir Ihnen einen virtuellen PC auf Ihrem Computer zu installieren, beispielsweise das kostenlose&nbsp;<a href=\"https:\/\/www.virtualbox.org\/\" target=\"_blank\" rel=\"noreferrer noopener\">VirtualBox<\/a>.<\/p>\n<\/div><\/div><\/div>\n\n\n\n<div class=\"custom-css-block\"><style>#aab_accordion_fb3cab6a_1 {  }<\/style><\/div><div class=\"wp-block-aab-accordion-block aab__accordion_container  accessibilityOn\" style=\"margin-top:0px;margin-bottom:15px;border:1px solid #bcb6b638\" id=\"aab_accordion_fb3cab6a_1\" role=\"button\" aria-expanded=\"false\" tabindex=\"0\"><div class=\"aab__accordion_head aab_right_icon \" style=\"background-color:#bcb6b638;border-top:none;border-right:none;border-bottom:none;border-left:none\"><div class=\"aab__accordion_heading aab_right_icon aab_right_link\"><div class=\"head_content_wrapper\"><div class=\"title_wrapper\"><h5 class=\"aab__accordion_title\" style=\"margin:0\">Welche Datenbank wird f\u00fcr ifas verwendet?<\/h5><\/div><\/div><\/div><div class=\"aab__accordion_icon\" style=\"border:0px solid transparent\"><span class=\"aab__icon dashicons dashicons-plus-alt2\" style=\"font-size:23px\"><\/span><\/div><\/div><div class=\"aab__accordion_body  \" role=\"region\" style=\"display:none;border-top:1px solid #bcb6b638;border-right:none;border-bottom:none;border-left:none\"><div class=\"aab__accordion_component\">\n<p>ifas 5 verwendet Microsoft Access 2000, w\u00e4hrend ifas 6\/7 auf Microsoft MS-SQL aufbaut.<\/p>\n<\/div><\/div><\/div>\n\n\n\n<div class=\"custom-css-block\"><style>#aab_accordion_d4ca0da3_3 {  }<\/style><\/div><div class=\"wp-block-aab-accordion-block aab__accordion_container  accessibilityOn\" style=\"margin-top:0px;margin-bottom:15px;border:1px solid #bcb6b638\" id=\"aab_accordion_d4ca0da3_3\" role=\"button\" aria-expanded=\"false\" tabindex=\"0\"><div class=\"aab__accordion_head aab_right_icon \" style=\"background-color:#bcb6b638;border-top:none;border-right:none;border-bottom:none;border-left:none\"><div class=\"aab__accordion_heading aab_right_icon aab_right_link\"><div class=\"head_content_wrapper\"><div class=\"title_wrapper\"><h5 class=\"aab__accordion_title\" style=\"margin:0\">Kann ich mit meinen Daten von ifas 5 nach ifas 6\/7 umziehen?<\/h5><\/div><\/div><\/div><div class=\"aab__accordion_icon\" style=\"border:0px solid transparent\"><span class=\"aab__icon dashicons dashicons-plus-alt2\" style=\"font-size:23px\"><\/span><\/div><\/div><div class=\"aab__accordion_body  \" role=\"region\" style=\"display:none;border-top:1px solid #bcb6b638;border-right:none;border-bottom:none;border-left:none\"><div class=\"aab__accordion_component\">\n<p>Ja, eine Migration Ihres gesamten ifas 5 Datenbestandes zu ifas 6\/7 ist durch ein Import der Daten m\u00f6glich. Erstellen Sie dazu eine Datensicherung in ifas 5. Anschliessend starten Sie ifas 6\/7 und importieren diese Datei.<\/p>\n\n\n\n<p>Beachten Sie jedoch das eine umgekehrte Migration von ifas 6\/7 nach ifas 5 nicht m\u00f6glich ist. Sie k\u00f6nnen also nur vom \u00e4lteren System auf das neue wechseln, nicht jedoch Ihre Daten von ifas 6\/7 in IFAS 5 importieren.<\/p>\n<\/div><\/div><\/div>\n\n\n\n<div class=\"custom-css-block\"><style>#aab_accordion_b6607c48_4 {  }<\/style><\/div><div class=\"wp-block-aab-accordion-block aab__accordion_container  accessibilityOn\" style=\"margin-top:0px;margin-bottom:15px;border:1px solid #bcb6b638\" id=\"aab_accordion_b6607c48_4\" role=\"button\" aria-expanded=\"false\" tabindex=\"0\"><div class=\"aab__accordion_head aab_right_icon \" style=\"background-color:#bcb6b638;border-top:none;border-right:none;border-bottom:none;border-left:none\"><div class=\"aab__accordion_heading aab_right_icon aab_right_link\"><div class=\"head_content_wrapper\"><div class=\"title_wrapper\"><h5 class=\"aab__accordion_title\" style=\"margin:0\">Welches Betriebssystem wird f\u00fcr ifas empfohlen?<\/h5><\/div><\/div><\/div><div class=\"aab__accordion_icon\" style=\"border:0px solid transparent\"><span class=\"aab__icon dashicons dashicons-plus-alt2\" style=\"font-size:23px\"><\/span><\/div><\/div><div class=\"aab__accordion_body  \" role=\"region\" style=\"display:none;border-top:1px solid #bcb6b638;border-right:none;border-bottom:none;border-left:none\"><div class=\"aab__accordion_component\">\n<p>F\u00fcr ifas 5 oder ifas 6\/7 sollten Sie mindestens das Betriebssystem Microsoft Windows 7 oder h\u00f6her auf Ihrem PC installiert haben. Ob das Betriebssystem eine 32-bit oder 64-bit Variante ist, ist unerheblich.<\/p>\n\n\n\n<p>Es sind auch virtuelle Betriebssystem-Installationen auf Basis von beispielsweise VirtualBox m\u00f6glich, falls Sie ein vom Host-System abgeschottetes System ben\u00f6tigen.<\/p>\n\n\n\n<p>Bei ifas 6\/7 ist nicht nur die Wahl des Betriebssystems wichtig, sondern auch die Wahl des Web-Browsers, da ifas 6\/7 vollst\u00e4ndig \u00fcber einen Web-Browser bedient wird. Achten Sie unbedingt darauf das der Web-Browser in der aktuellsten Version installiert ist und vollst\u00e4ndig HTML 5 unterst\u00fctzt. Wir empfehlen Google Chrome oder Mozilla Firefox, jeweils immer die aktuellste Version.<\/p>\n<\/div><\/div><\/div>\n\n\n\n<div class=\"custom-css-block\"><style>#aab_accordion_dc5cb8c0_5 {  }<\/style><\/div><div class=\"wp-block-aab-accordion-block aab__accordion_container  accessibilityOn\" style=\"margin-top:0px;margin-bottom:15px;border:1px solid #bcb6b638\" id=\"aab_accordion_dc5cb8c0_5\" role=\"button\" aria-expanded=\"false\" tabindex=\"0\"><div class=\"aab__accordion_head aab_right_icon \" style=\"background-color:#bcb6b638;border-top:none;border-right:none;border-bottom:none;border-left:none\"><div class=\"aab__accordion_heading aab_right_icon aab_right_link\"><div class=\"head_content_wrapper\"><div class=\"title_wrapper\"><h5 class=\"aab__accordion_title\" style=\"margin:0\">Welche Vorraussetzungen gibt es f\u00fcr ifas inhouse 6\/7?<\/h5><\/div><\/div><\/div><div class=\"aab__accordion_icon\" style=\"border:0px solid transparent\"><span class=\"aab__icon dashicons dashicons-plus-alt2\" style=\"font-size:23px\"><\/span><\/div><\/div><div class=\"aab__accordion_body  \" role=\"region\" style=\"display:none;border-top:1px solid #bcb6b638;border-right:none;border-bottom:none;border-left:none\"><div class=\"aab__accordion_component\">\n<p>Der PC sollte als Betriebssystem mindestens Microsoft Windows 7 oder 8 (32-bit oder 64-bit) installiert haben. Ausserdem sollten alle aktuell verf\u00fcgbaren Windows-Updates installiert sein, bevor ifas 6\/7 installiert wird. Sorgen Sie ausserdem f\u00fcr eine aktuelle Anti-Virus Software. Zus\u00e4tzlich sollten Sie als Web-Browser Google Chrome, Mozilla Firefox oder Opera, jeweils in der aktuellsten Version, installieren, denn diese beiden Web-Browser unterst\u00fctzen vollst\u00e4ndig den von ifas 6\/7 ben\u00f6tigten HTML5-Standard.<\/p>\n\n\n\n<p>Beachten Sie: Google Chrome unterst\u00fctzt den Bereich &#8222;Mobile Datenerfassung&#8220; von ifas 6\/7 nicht.<\/p>\n<\/div><\/div><\/div>\n\n\n\n<div class=\"custom-css-block\"><style>#aab_accordion_0eb3545e_6 {  }<\/style><\/div><div class=\"wp-block-aab-accordion-block aab__accordion_container  accessibilityOn\" style=\"margin-top:0px;margin-bottom:15px;border:1px solid #bcb6b638\" id=\"aab_accordion_0eb3545e_6\" role=\"button\" aria-expanded=\"false\" tabindex=\"0\"><div class=\"aab__accordion_head aab_right_icon \" style=\"background-color:#bcb6b638;border-top:none;border-right:none;border-bottom:none;border-left:none\"><div class=\"aab__accordion_heading aab_right_icon aab_right_link\"><div class=\"head_content_wrapper\"><div class=\"title_wrapper\"><h5 class=\"aab__accordion_title\" style=\"margin:0\">Welche Vorraussetzungen gibt es f\u00fcr ifas Online?<\/h5><\/div><\/div><\/div><div class=\"aab__accordion_icon\" style=\"border:0px solid transparent\"><span class=\"aab__icon dashicons dashicons-plus-alt2\" style=\"font-size:23px\"><\/span><\/div><\/div><div class=\"aab__accordion_body  \" role=\"region\" style=\"display:none;border-top:1px solid #bcb6b638;border-right:none;border-bottom:none;border-left:none\"><div class=\"aab__accordion_component\">\n<p>Sie ben\u00f6tigen einen beliebigen PC, ein Smartphone oder Tablet-PC mit einem HTML5-f\u00e4higen Web-Browser wie beispielsweise Mozilla Firefox in der aktuellsten Version, ausserdem einen beliebigen Internetzugang. Bitte beachten Sie das die standardseitig auf vielen mobilen Ger\u00e4ten installierten Standard-Web-Browser (Stock-Browser) nicht f\u00fcr ifas 6\/7 geeignet sind, da diese oft nicht den HTML5-Standard unterst\u00fctzen.<\/p>\n\n\n\n<p>Beachten Sie: Google Chrome unterst\u00fctzt den Bereich &#8222;Mobile Datenerfassung&#8220; von ifas 6\/7 nicht.<\/p>\n<\/div><\/div><\/div>\n\n\n\n<div class=\"custom-css-block\"><style>#aab_accordion_8f3d0c21_7 {  }<\/style><\/div><div class=\"wp-block-aab-accordion-block aab__accordion_container  accessibilityOn\" style=\"margin-top:0px;margin-bottom:15px;border:1px solid #bcb6b638\" id=\"aab_accordion_8f3d0c21_7\" role=\"button\" aria-expanded=\"false\" tabindex=\"0\"><div class=\"aab__accordion_head aab_right_icon \" style=\"background-color:#bcb6b638;border-top:none;border-right:none;border-bottom:none;border-left:none\"><div class=\"aab__accordion_heading aab_right_icon aab_right_link\"><div class=\"head_content_wrapper\"><div class=\"title_wrapper\"><h5 class=\"aab__accordion_title\" style=\"margin:0\">Warum schl\u00e4gt die Installation von ifas 7 fehl?<\/h5><\/div><\/div><\/div><div class=\"aab__accordion_icon\" style=\"border:0px solid transparent\"><span class=\"aab__icon dashicons dashicons-plus-alt2\" style=\"font-size:23px\"><\/span><\/div><\/div><div class=\"aab__accordion_body  \" role=\"region\" style=\"display:none;border-top:1px solid #bcb6b638;border-right:none;border-bottom:none;border-left:none\"><div class=\"aab__accordion_component\">\n<p>Fehlermeldung: SendRequest Error<\/p>\n\n\n\n<p>Sie m\u00fcssen bevor Sie ifas installieren zus\u00e4tzlich folgende zwei Setups herunterladen und in dem Windows Explorer (nicht Internet Explorer!) zu %temp% navigieren, wo Sie die Dateien ablegen.<br><a href=\"http:\/\/www.fahrschul-software.de\/ifas6\/installationspakete\/WebDeploy_amd64_de-DE.msi\">http:\/\/www.fahrschul-software.de\/ifas6\/installationspakete\/WebDeploy_amd64_de-DE.msi<\/a><br><a href=\"http:\/\/fahrschul-software.de\/ifas6\/installationspakete\/CRRuntime_32bit_13_0_25.msi\">http:\/\/fahrschul-software.de\/ifas6\/installationspakete\/CRRuntime_32bit_13_0_25.msi<\/a><br>Klicken Sie dazu einfach auf die Links um die Dateien herunter zu laden. Legen Sie diese dann in dem oben genannten Ordner ab und starten die ifas Installation \u00fcber das Setup.<\/p>\n<\/div><\/div><\/div>\n\n\n\n<div class=\"custom-css-block\"><style>#aab_accordion_481f36b4_8 {  }<\/style><\/div><div class=\"wp-block-aab-accordion-block aab__accordion_container  accessibilityOn\" style=\"margin-top:0px;margin-bottom:15px;border:1px solid #bcb6b638\" id=\"aab_accordion_481f36b4_8\" role=\"button\" aria-expanded=\"false\" tabindex=\"0\"><div class=\"aab__accordion_head aab_right_icon \" style=\"background-color:#bcb6b638;border-top:none;border-right:none;border-bottom:none;border-left:none\"><div class=\"aab__accordion_heading aab_right_icon aab_right_link\"><div class=\"head_content_wrapper\"><div class=\"title_wrapper\"><h5 class=\"aab__accordion_title\" style=\"margin:0\">Warum funktioniert meine Mobile Datenerfassung nicht?<\/h5><\/div><\/div><\/div><div class=\"aab__accordion_icon\" style=\"border:0px solid transparent\"><span class=\"aab__icon dashicons dashicons-plus-alt2\" style=\"font-size:23px\"><\/span><\/div><\/div><div class=\"aab__accordion_body  \" role=\"region\" style=\"display:none;border-top:1px solid #bcb6b638;border-right:none;border-bottom:none;border-left:none\"><div class=\"aab__accordion_component\">\n<p>Die Mobile Datenerfassung nutzt eine Technologie die von Google Chrome nicht mehr unterst\u00fctzt wird.<br>Wenn Sie diese offline verwenden wollen nutzen Sie daf\u00fcr zum Beispiel Mozilla Firefox oder Opera.<\/p>\n\n\n\n<p>F\u00fcr ifas online Kunden:<br>Wenn Sie unterwegs eine Internetverbindung haben k\u00f6nnen Sie die mobile Datenerfassung Browser-unabh\u00e4ngig weiterhin nutzen.<\/p>\n\n\n\n<p>F\u00fcr ifas_inhouse Kunden:<br>Zus\u00e4tzlich zu den mobilen Daten m\u00fcssen Sie Ihren Router konfigurieren um Anfragen von extern zuzulassen. Au\u00dferdem muss der hostende Rechner eingeschaltet sein. Dann kann die mobile Datenerfassung Browser-unabh\u00e4ngig genutzt werden.<\/p>\n<\/div><\/div><\/div>\n\n\n\n<div class=\"custom-css-block\"><style>#aab_accordion_bccc4811_9 {  }<\/style><\/div><div class=\"wp-block-aab-accordion-block aab__accordion_container  accessibilityOn\" style=\"margin-top:0px;margin-bottom:15px;border:1px solid #bcb6b638\" id=\"aab_accordion_bccc4811_9\" role=\"button\" aria-expanded=\"false\" tabindex=\"0\"><div class=\"aab__accordion_head aab_right_icon \" style=\"background-color:#bcb6b638;border-top:none;border-right:none;border-bottom:none;border-left:none\"><div class=\"aab__accordion_heading aab_right_icon aab_right_link\"><div class=\"head_content_wrapper\"><div class=\"title_wrapper\"><h5 class=\"aab__accordion_title\" style=\"margin:0\">MwSt.-\u00c4nderung<\/h5><\/div><\/div><\/div><div class=\"aab__accordion_icon\" style=\"border:0px solid transparent\"><span class=\"aab__icon dashicons dashicons-plus-alt2\" style=\"font-size:23px\"><\/span><\/div><\/div><div class=\"aab__accordion_body  \" role=\"region\" style=\"display:none;border-top:1px solid #bcb6b638;border-right:none;border-bottom:none;border-left:none\"><div class=\"aab__accordion_component\">\n<p>Wichtige aktuelle Information zur MwSt.<\/p>\n\n\n\n<p>Aufgrund der anstehenden MwSt.-\u00c4nderung haben wir Ihnen eine Zusammenfassung erstellt wie man damit in ifas umgehen kann.<\/p>\n\n\n\n<p>Schritt 1: F\u00fcgen Sie zun\u00e4chst den neuen MwSt.-Satz hinzu:<\/p>\n\n\n\n<ul class=\"wp-block-list\">\n<li>\u00d6ffnen Sie in ifas in der linken Leiste \u201eEinstellungen\u201c<\/li>\n\n\n\n<li>Klicken Sie auf \u201eMwSt.-S\u00e4tze\u201c<\/li>\n\n\n\n<li>Schauen Sie in der Tabelle welche Nummern vergeben sind und w\u00e4hlen Sie eine beliebige noch nicht verwendete Nummer<\/li>\n\n\n\n<li>Klicken Sie oben rechts auf \u201eHinzuf\u00fcgen\u201c<\/li>\n\n\n\n<li>F\u00fcllen Sie das Formular mit einer noch nicht vergebenen Nummer und 16%-Satz aus<\/li>\n<\/ul>\n\n\n\n<p>Schritt 2: Passen Sie die Preislisten an<\/p>\n\n\n\n<ul class=\"wp-block-list\">\n<li>Klicken Sie erneut auf \u201eEinstellungen\u201c<\/li>\n\n\n\n<li>Klicken Sie auf \u201ePreislisten\u201c<\/li>\n\n\n\n<li>Passen Sie in den aktuell verwendeten Preislisten die MwSt. f\u00fcr jeden Artikel an\n<ul class=\"wp-block-list\">\n<li>bereits angelegte Sch\u00fcler nutzen automatisch die richtige Preisliste<\/li>\n\n\n\n<li>Bestehende Leistungen bleiben davon unber\u00fchrt<\/li>\n<\/ul>\n<\/li>\n<\/ul>\n\n\n\n<p>(Optional) Wenn Sie die bestehende Preisliste behalten m\u00f6chten k\u00f6nnen Sie rechts mit dem gelben Button die Liste kopieren, dadurch wird eine neue Liste &#8222;(Kopie) NAME&#8220; erstellt. Bedenken Sie dass dann bei bestehenden Sch\u00fclern die Preisliste aktualisiert werden muss.<\/p>\n\n\n\n<p>Von nun an wird beim Leistung anlegen 16% als Standard vorgeschlagen.<\/p>\n<\/div><\/div><\/div>\n","protected":false},"excerpt":{"rendered":"<p>Hier finden Sie eine Auflistung der uns am meisten gestellten Fragen und unsere Antworten.<\/p>\n","protected":false},"author":1003,"featured_media":0,"parent":0,"menu_order":0,"comment_status":"closed","ping_status":"closed","template":"","meta":{"footnotes":""},"class_list":["post-717","page","type-page","status-publish","hentry"],"blocksy_meta":[],"_links":{"self":[{"href":"https:\/\/fahrschul-software.de\/index.php?rest_route=\/wp\/v2\/pages\/717","targetHints":{"allow":["GET"]}}],"collection":[{"href":"https:\/\/fahrschul-software.de\/index.php?rest_route=\/wp\/v2\/pages"}],"about":[{"href":"https:\/\/fahrschul-software.de\/index.php?rest_route=\/wp\/v2\/types\/page"}],"author":[{"embeddable":true,"href":"https:\/\/fahrschul-software.de\/index.php?rest_route=\/wp\/v2\/users\/1003"}],"replies":[{"embeddable":true,"href":"https:\/\/fahrschul-software.de\/index.php?rest_route=%2Fwp%2Fv2%2Fcomments&post=717"}],"version-history":[{"count":11,"href":"https:\/\/fahrschul-software.de\/index.php?rest_route=\/wp\/v2\/pages\/717\/revisions"}],"predecessor-version":[{"id":1324,"href":"https:\/\/fahrschul-software.de\/index.php?rest_route=\/wp\/v2\/pages\/717\/revisions\/1324"}],"wp:attachment":[{"href":"https:\/\/fahrschul-software.de\/index.php?rest_route=%2Fwp%2Fv2%2Fmedia&parent=717"}],"curies":[{"name":"wp","href":"https:\/\/api.w.org\/{rel}","templated":true}]}}