{"id":623,"date":"2014-12-09T10:18:16","date_gmt":"2014-12-09T09:18:16","guid":{"rendered":"http:\/\/fahrschul-software.de\/?page_id=623"},"modified":"2025-09-22T14:09:29","modified_gmt":"2025-09-22T12:09:29","slug":"download","status":"publish","type":"page","link":"https:\/\/fahrschul-software.de\/?page_id=623","title":{"rendered":"Download"},"content":{"rendered":"<h2><a href=\"\/wp-content\/uploads\/ifas-7.0.34-Setup.exe\">ifas 7<\/a><\/h2>\n<p><strong>Achtung:<\/strong> Aufgrund eines aktuellen Problems schl\u00e4gt eine Neuinstallation fehl. Beachten Sie hierzu unsere <a title=\"Fragen und Antworten\" href=\"https:\/\/fahrschul-software.de\/?page_id=717\">Hinweise und Fragen und Antworten<\/a>.<\/p>\n<h2><a href=\"\/wp-content\/uploads\/ifas-6.5.14-Setup.exe\">ifas 6<\/a><\/h2>\n<p>Systemvoraussetzungen f\u00fcr ifas_inhouse 6 und 7:<\/p>\n<ul>\n<li>Windows 7 SP1, Windows 8\/8.1 oder Windows 10<\/li>\n<li>mindestens 1,4 GHz\u00a0Prozessor<\/li>\n<li>mindestens 2\u00a0GB Arbeitsspeicher<\/li>\n<\/ul>\n<h3>ifas 5 Update f\u00fcr Windows XP \/ Vista \/ 7 \/ 8<\/h3>\n<p>\u00dcber neue Versionen k\u00f6nnen Sie sich hier jeder Zeit informieren. Um unsere aktuellen Updates nutzen zu k\u00f6nnen m\u00fcssen Sie am Wartungsvertrag teilnehmen, denn ifas f\u00fchrt nach der Installation eine Updatepr\u00fcfung durch. Sollte sich herausstellen, dass Ihr Wartungsvertrag abgelaufen ist, kann das Update nicht genutzt werden.<\/p>\n<ul>\n<li><a href=\"\/wp-content\/uploads\/Access2000RT.zip\">MS Access 2000 Runtime vor ifas installieren<\/a><\/li>\n<li><a href=\"\/wp-content\/uploads\/setup-5.6.6.exe\">ifas 5.6.7 Vollversion vom 08.03.2017 &#8211; Lizenzschl\u00fcssel erforderlich<\/a><\/li>\n<li><a href=\"\/wp-content\/uploads\/update-5.6.7.exe\">ifas 5 &#8211; Update 5.6.7 vom 08.03.2017<\/a><\/li>\n<li><a href=\"\/wp-content\/uploads\/setup-5.0.26.exe\">ifas 5 &#8211; Update 5.0.26 vom 16.3.2006<\/a><\/li>\n<\/ul>\n<h2><a href=\"https:\/\/eu.ninjarmm.com\/connect\/#\/4493861724\">Fernwartung<\/a><\/h2>\n<p>NinjaOne erm\u00f6glicht die effiziente und sichere Fernwartung von IT-Systemen, indem es \u00dcberwachung, Verwaltung und Problem Behebung in einer einzigen, benutzerfreundlichen Plattform vereint.<\/p>\n<ul>\n<li>Auf verbinden klicken<\/li>\n<li>Datei herunterladen und installieren<\/li>\n<li>Unsere Techniker k\u00fcmmern sich um den Rest<\/li>\n<\/ul>\n<h2>Wichtige Informationen zur Installation<\/h2>\n<p><strong>Bitte beachten Sie dabei, dass ifas nicht gestartet wurde!<\/strong><\/p>\n<p>*Bitte beachten Sie, dass Testversionen evtl. unvollst\u00e4ndig sind und Fehler enthalten k\u00f6nnen. Sie sind daher nicht f\u00fcr den produktiven Einsatz geeignet. Verwendung besteht auf eigene Gefahr!<\/p>\n<p>1.<br \/>\nWICHTIG! F\u00fcr Bestandskunden:<br \/>\nInstallieren Sie die Demo-Version von IFAS niemals auf einem System, auf dem auch eine lizenzierte Version von IFAS installiert ist. Es kann sonst zum Verlust des gesamten Datenbestands kommen.<\/p>\n<p>2.<br \/>\nZur Neuinstallation unter Windows 7:<br \/>\nAufgrund des ge\u00e4nderten Rechtemanagements unter Windows 7 ist es notwendig, w\u00e4hrend der Installation einen anderen Installationspfad einzustellen. Hierzu \u00e4ndern Sie w\u00e4hrend der Installation den Dateipfad von standardm\u00e4\u00dfig &#8222;C:\\Progamme\\IFAS&#8220; (o. \u00e4.) auf Ihren &#8222;Eigene Dokumente&#8220;-Ordner.<\/p>\n<p>3.<br \/>\nUpdateinstallation unter Windows 7:<br \/>\nBei einer Updateinstallation muss der Pfad von dem ifas &#8211; Installationsprogramm nicht ge\u00e4ndert werden, wenn Ifas vorher problemlos lief.<\/p>\n<p>4.<br \/>\nNeuinstallation um das Installationsverzeichnis zu \u00e4ndern:<br \/>\nSichern Sie ihre Daten per Datensicherung aus ifas heraus. Deinstallieren Sie ifas anschlie\u00dfend. Installieren Sie ifas nun ifas neu, wie in Punkt 1 beschrieben.<\/p>\n<p>Bevor Sie ifas 5, 6 oder 7 neu installieren, oder ein vorhandenes System aktualisieren (updaten), beachten Sie bitte unsere <a title=\"Fragen und Antworten\" href=\"https:\/\/fahrschul-software.de\/?page_id=717\">Hinweise und Fragen und Antworten<\/a>.<\/p>\n","protected":false},"excerpt":{"rendered":"<p>ifas 7 Achtung: Aufgrund eines aktuellen Problems schl\u00e4gt eine Neuinstallation fehl. Beachten Sie hierzu unsere Hinweise und Fragen und Antworten. ifas 6 Systemvoraussetzungen f\u00fcr ifas_inhouse 6 und 7: Windows 7 SP1, Windows 8\/8.1 oder Windows 10 mindestens 1,4 GHz\u00a0Prozessor mindestens 2\u00a0GB Arbeitsspeicher ifas 5 Update f\u00fcr Windows XP \/ Vista \/ 7 \/ 8 \u00dcber [&hellip;]<\/p>\n","protected":false},"author":1003,"featured_media":0,"parent":0,"menu_order":0,"comment_status":"closed","ping_status":"closed","template":"","meta":{"footnotes":""},"class_list":["post-623","page","type-page","status-publish","hentry"],"blocksy_meta":[],"_links":{"self":[{"href":"https:\/\/fahrschul-software.de\/index.php?rest_route=\/wp\/v2\/pages\/623","targetHints":{"allow":["GET"]}}],"collection":[{"href":"https:\/\/fahrschul-software.de\/index.php?rest_route=\/wp\/v2\/pages"}],"about":[{"href":"https:\/\/fahrschul-software.de\/index.php?rest_route=\/wp\/v2\/types\/page"}],"author":[{"embeddable":true,"href":"https:\/\/fahrschul-software.de\/index.php?rest_route=\/wp\/v2\/users\/1003"}],"replies":[{"embeddable":true,"href":"https:\/\/fahrschul-software.de\/index.php?rest_route=%2Fwp%2Fv2%2Fcomments&post=623"}],"version-history":[{"count":128,"href":"https:\/\/fahrschul-software.de\/index.php?rest_route=\/wp\/v2\/pages\/623\/revisions"}],"predecessor-version":[{"id":1300,"href":"https:\/\/fahrschul-software.de\/index.php?rest_route=\/wp\/v2\/pages\/623\/revisions\/1300"}],"wp:attachment":[{"href":"https:\/\/fahrschul-software.de\/index.php?rest_route=%2Fwp%2Fv2%2Fmedia&parent=623"}],"curies":[{"name":"wp","href":"https:\/\/api.w.org\/{rel}","templated":true}]}}