{"id":619,"date":"2014-12-09T10:03:01","date_gmt":"2014-12-09T09:03:01","guid":{"rendered":"http:\/\/fahrschul-software.de\/?page_id=619"},"modified":"2025-07-15T11:55:21","modified_gmt":"2025-07-15T09:55:21","slug":"schulungsvideos","status":"publish","type":"page","link":"https:\/\/fahrschul-software.de\/?page_id=619","title":{"rendered":"Schulungsvideos"},"content":{"rendered":"<p>\u00dcber die Schulungs-Videos (Video-Tutorials) zur Fahrschul-Software <strong>ifas<\/strong> k\u00f6nnen Sie sich visuell \u00fcber die Abl\u00e4ufe der Software informieren, bevor Sie <strong>ifas<\/strong> selbst installieren oder benutzen. Die Videos sind eine Erg\u00e4nzung zum <strong>ifas<\/strong> Handbuch. W\u00e4hlen Sie aus den vorhandenen Videos aus indem Sie auf einen Link in der Liste unten klicken.<\/p>\n<h2>Installation<\/h2>\n<ul>\n<li><a title=\"ifas 6 inhouse \u2013 Installation auf einem Windows 7 PC\" href=\"https:\/\/fahrschul-software.de\/?p=643\">Installation von <strong>ifas<\/strong> 6\/7 inhouse auf einem Windows-PC<\/a><\/li>\n<li><a title=\"ifas6 Fahrschulsoftware \u2013 Schulung: Unterschied zwischen der inhouse und online Version\" href=\"https:\/\/fahrschul-software.de\/?p=655\">Unterschied zwischen der inhouse Version und der online Version<\/a><\/li>\n<\/ul>\n<h2>Ersteinrichtung<\/h2>\n<ul>\n<li><a title=\"ifas6 Fahrschulsoftware \u2013 Schulung: Registrierung\" href=\"https:\/\/fahrschul-software.de\/?p=662\">Registrieren des ersten, administrativen Benutzers und anlegen der Fahrschule (Hauptgesch\u00e4ftsstelle)<\/a><\/li>\n<li><a title=\"ifas6 Fahrschulsoftware \u2013 Schulung: Lizenzeingabe\" href=\"https:\/\/fahrschul-software.de\/?p=666\">Lizenzcode eingeben um Funktionen freizuschalten<\/a><\/li>\n<\/ul>\n<h2>Migration<\/h2>\n<ul>\n<li>\u00dcbernahme bzw. Import der Daten von <strong>ifas<\/strong> 5 nach <strong>ifas<\/strong> 6\/7<\/li>\n<li><a title=\"ifas6 Fahrschulsoftware \u2013 Schulung: Stichpunktartige Kontrolle der importierten Daten\" href=\"https:\/\/fahrschul-software.de\/?p=669\">Stichpunktartige Kontrolle der importierten Daten<\/a><\/li>\n<li>Weitere Pflichtfelder vervollst\u00e4ndigen<\/li>\n<li>Stammdaten (Filialen, Fahrlehrer, Fahrsch\u00fcler, Fahrzeuge, Preislisten, Leistungen, Buchungskonten) \u00fcberpr\u00fcfen<\/li>\n<\/ul>\n<h2>Praxis<\/h2>\n<ul>\n<li>Praktische Nutzung im Tagesbetrieb einer Fahrschule<\/li>\n<li>Einsatzgebiete station\u00e4r in der Fahrschule und mobil im Fahrschulfahrzeug<\/li>\n<li>\u00dcberblick \u00fcber die einzelnen Funktionen<\/li>\n<\/ul>\n","protected":false},"excerpt":{"rendered":"<p>\u00dcber die Schulungs-Videos (Video-Tutorials) zur Fahrschul-Software ifas k\u00f6nnen Sie sich visuell \u00fcber die Abl\u00e4ufe der Software informieren, bevor Sie ifas selbst installieren oder benutzen. Die Videos sind eine Erg\u00e4nzung zum ifas Handbuch. W\u00e4hlen Sie aus den vorhandenen Videos aus indem Sie auf einen Link in der Liste unten klicken. Installation Installation von ifas 6\/7 inhouse [&hellip;]<\/p>\n","protected":false},"author":1003,"featured_media":0,"parent":0,"menu_order":0,"comment_status":"closed","ping_status":"closed","template":"","meta":{"footnotes":""},"class_list":["post-619","page","type-page","status-publish","hentry"],"blocksy_meta":[],"_links":{"self":[{"href":"https:\/\/fahrschul-software.de\/index.php?rest_route=\/wp\/v2\/pages\/619","targetHints":{"allow":["GET"]}}],"collection":[{"href":"https:\/\/fahrschul-software.de\/index.php?rest_route=\/wp\/v2\/pages"}],"about":[{"href":"https:\/\/fahrschul-software.de\/index.php?rest_route=\/wp\/v2\/types\/page"}],"author":[{"embeddable":true,"href":"https:\/\/fahrschul-software.de\/index.php?rest_route=\/wp\/v2\/users\/1003"}],"replies":[{"embeddable":true,"href":"https:\/\/fahrschul-software.de\/index.php?rest_route=%2Fwp%2Fv2%2Fcomments&post=619"}],"version-history":[{"count":16,"href":"https:\/\/fahrschul-software.de\/index.php?rest_route=\/wp\/v2\/pages\/619\/revisions"}],"predecessor-version":[{"id":1128,"href":"https:\/\/fahrschul-software.de\/index.php?rest_route=\/wp\/v2\/pages\/619\/revisions\/1128"}],"wp:attachment":[{"href":"https:\/\/fahrschul-software.de\/index.php?rest_route=%2Fwp%2Fv2%2Fmedia&parent=619"}],"curies":[{"name":"wp","href":"https:\/\/api.w.org\/{rel}","templated":true}]}}