{"id":424,"date":"2013-05-20T15:38:31","date_gmt":"2013-05-20T13:38:31","guid":{"rendered":"http:\/\/fahrschul-software.de\/?page_id=424"},"modified":"2025-09-22T14:07:27","modified_gmt":"2025-09-22T12:07:27","slug":"support","status":"publish","type":"page","link":"https:\/\/fahrschul-software.de\/?page_id=424","title":{"rendered":"Support"},"content":{"rendered":"<h4>Service Hotline<\/h4>\n<p>Sollten Fragen zu unseren Produkten auftreten, so lesen bitte zuerst sorgf\u00e4ltig das <a title=\"Download\" href=\"https:\/\/fahrschul-software.de\/?page_id=678\">Handbuch<\/a> und die Abschnitte Tipps &amp; Tricks. Vielleicht beantworten sich dadurch bereits Ihre Fragen.<\/p>\n<p>Sollten dennoch Fragen offen geblieben sein, so k\u00f6nnen unseren Support gerne unter folgender Servicenummer ansprechen:<\/p>\n<p><strong>Tel.: 05251\/540195-70<\/strong><\/p>\n<p>Halten Sie bitte alle Angaben zu ihren Fragen bereit, wenn Sie den Support anrufen. Falls m\u00f6glich sitzen Sie an ihrem Rechner, damit wir Ihnen schrittweise helfen k\u00f6nnen, Ihre Fragen zu kl\u00e4ren.<\/p>\n<h4>Fernwartungs-Support<\/h4>\n<p>\u00dcber den Fernwartungs-Support kann ein Techniker direkt auf ihren PC zugreifen und ihnen bei der Installation von ifas und bei Fragen online helfen. Die Fernwartung wird \u00fcber die kostenfrei erh\u00e4ltliche Software NinjaOne realisiert, die Sie sich <a title=\"Fernwartung woelke it solution\" href=\"https:\/\/eu.ninjarmm.com\/connect\/#\/4493861724\">hier herunterladen<\/a> k\u00f6nnen. Die Software muss nicht installiert werden, einfach ausf\u00fchren und ein Techniker wird Ihnen weiterhelfen.<\/p>\n","protected":false},"excerpt":{"rendered":"<p>Service Hotline Sollten Fragen zu unseren Produkten auftreten, so lesen bitte zuerst sorgf\u00e4ltig das Handbuch und die Abschnitte Tipps &amp; Tricks. Vielleicht beantworten sich dadurch bereits Ihre Fragen. Sollten dennoch Fragen offen geblieben sein, so k\u00f6nnen unseren Support gerne unter folgender Servicenummer ansprechen: Tel.: 05251\/540195-70 Halten Sie bitte alle Angaben zu ihren Fragen bereit, wenn [&hellip;]<\/p>\n","protected":false},"author":1003,"featured_media":0,"parent":0,"menu_order":0,"comment_status":"closed","ping_status":"closed","template":"","meta":{"footnotes":""},"class_list":["post-424","page","type-page","status-publish","hentry"],"blocksy_meta":[],"_links":{"self":[{"href":"https:\/\/fahrschul-software.de\/index.php?rest_route=\/wp\/v2\/pages\/424","targetHints":{"allow":["GET"]}}],"collection":[{"href":"https:\/\/fahrschul-software.de\/index.php?rest_route=\/wp\/v2\/pages"}],"about":[{"href":"https:\/\/fahrschul-software.de\/index.php?rest_route=\/wp\/v2\/types\/page"}],"author":[{"embeddable":true,"href":"https:\/\/fahrschul-software.de\/index.php?rest_route=\/wp\/v2\/users\/1003"}],"replies":[{"embeddable":true,"href":"https:\/\/fahrschul-software.de\/index.php?rest_route=%2Fwp%2Fv2%2Fcomments&post=424"}],"version-history":[{"count":62,"href":"https:\/\/fahrschul-software.de\/index.php?rest_route=\/wp\/v2\/pages\/424\/revisions"}],"predecessor-version":[{"id":1298,"href":"https:\/\/fahrschul-software.de\/index.php?rest_route=\/wp\/v2\/pages\/424\/revisions\/1298"}],"wp:attachment":[{"href":"https:\/\/fahrschul-software.de\/index.php?rest_route=%2Fwp%2Fv2%2Fmedia&parent=424"}],"curies":[{"name":"wp","href":"https:\/\/api.w.org\/{rel}","templated":true}]}}