{"id":423,"date":"2013-05-20T15:38:23","date_gmt":"2013-05-20T13:38:23","guid":{"rendered":"http:\/\/fahrschul-software.de\/?page_id=423"},"modified":"2013-05-20T19:36:14","modified_gmt":"2013-05-20T17:36:14","slug":"erweiterungen","status":"publish","type":"page","link":"https:\/\/fahrschul-software.de\/?page_id=423","title":{"rendered":"Erweiterungen"},"content":{"rendered":"<h3>ifas individuell erweitern<\/h3>\n<p>ifas l\u00e4\u00dft sich nat\u00fcrlich auch noch erweitern. Unsere Zusatzmodule erg\u00e4nzen ifas zu einer ausgewogenen Komplettl\u00f6sung f\u00fcr Ihre Fahrschule. Erleichtern Sie sich die Arbeit mit unseren praxiserprobten Erweiterungen.<\/p>\n<p>Ob Sie nun mit der mobilen Datenerfassung den Verwaltungsaufwand im Auto erledigen oder einen Assistenten f\u00fcr Ihre Terminplanung einsetzen, profitieren Sie nicht nur von einer Arbeitserleichterung sondern auch von einem Funktionsumfang der kaum noch W\u00fcnsche offen l\u00e4\u00dft.<\/p>\n<p><a href=\"http:\/\/fahrschul-software.de\/wp-content\/uploads\/slogan.jpg\"><img loading=\"lazy\" decoding=\"async\" class=\"size-medium wp-image-450 aligncenter\" alt=\"slogan\" src=\"http:\/\/fahrschul-software.de\/wp-content\/uploads\/slogan-300x128.jpg\" width=\"300\" height=\"128\" srcset=\"https:\/\/fahrschul-software.de\/wp-content\/uploads\/slogan-300x128.jpg 300w, https:\/\/fahrschul-software.de\/wp-content\/uploads\/slogan.jpg 308w\" sizes=\"auto, (max-width: 300px) 100vw, 300px\" \/><\/a><\/p>\n","protected":false},"excerpt":{"rendered":"<p>ifas individuell erweitern ifas l\u00e4\u00dft sich nat\u00fcrlich auch noch erweitern. Unsere Zusatzmodule erg\u00e4nzen ifas zu einer ausgewogenen Komplettl\u00f6sung f\u00fcr Ihre Fahrschule. Erleichtern Sie sich die Arbeit mit unseren praxiserprobten Erweiterungen. Ob Sie nun mit der mobilen Datenerfassung den Verwaltungsaufwand im Auto erledigen oder einen Assistenten f\u00fcr Ihre Terminplanung einsetzen, profitieren Sie nicht nur von einer [&hellip;]<\/p>\n","protected":false},"author":1003,"featured_media":0,"parent":0,"menu_order":0,"comment_status":"closed","ping_status":"closed","template":"","meta":{"footnotes":""},"class_list":["post-423","page","type-page","status-publish","hentry"],"blocksy_meta":[],"_links":{"self":[{"href":"https:\/\/fahrschul-software.de\/index.php?rest_route=\/wp\/v2\/pages\/423","targetHints":{"allow":["GET"]}}],"collection":[{"href":"https:\/\/fahrschul-software.de\/index.php?rest_route=\/wp\/v2\/pages"}],"about":[{"href":"https:\/\/fahrschul-software.de\/index.php?rest_route=\/wp\/v2\/types\/page"}],"author":[{"embeddable":true,"href":"https:\/\/fahrschul-software.de\/index.php?rest_route=\/wp\/v2\/users\/1003"}],"replies":[{"embeddable":true,"href":"https:\/\/fahrschul-software.de\/index.php?rest_route=%2Fwp%2Fv2%2Fcomments&post=423"}],"version-history":[{"count":2,"href":"https:\/\/fahrschul-software.de\/index.php?rest_route=\/wp\/v2\/pages\/423\/revisions"}],"predecessor-version":[{"id":449,"href":"https:\/\/fahrschul-software.de\/index.php?rest_route=\/wp\/v2\/pages\/423\/revisions\/449"}],"wp:attachment":[{"href":"https:\/\/fahrschul-software.de\/index.php?rest_route=%2Fwp%2Fv2%2Fmedia&parent=423"}],"curies":[{"name":"wp","href":"https:\/\/api.w.org\/{rel}","templated":true}]}}