{"id":422,"date":"2013-05-20T15:38:15","date_gmt":"2013-05-20T13:38:15","guid":{"rendered":"http:\/\/fahrschul-software.de\/?page_id=422"},"modified":"2014-12-09T10:14:37","modified_gmt":"2014-12-09T09:14:37","slug":"ifas","status":"publish","type":"page","link":"https:\/\/fahrschul-software.de\/?page_id=422","title":{"rendered":"ifas"},"content":{"rendered":"<h3>Fahrschulverwaltung leicht gemacht<\/h3>\n<p>Das InTec Fahrschulsystem, kurz ifas, ist eine Verwaltungssoftware, die speziell f\u00fcr Fahrschulen entwickelt wurde. Das Konzept besteht aus der Umsetzung eine Software auf die, in dieser Branche, spezifischen Bed\u00fcrfnisse zuzuschneiden. Es wurde viel Wert auf die Gestaltung der Benutzeroberfl\u00e4che gelegt, damit auch unerfahrene PC-Anwender einfach mit dem Programm zurecht kommen.<\/p>\n<p>Die St\u00e4rken von ifas liegen im gro\u00dfen Funktionsumfang und in der einfachen Bedienung. Das Programm l\u00e4sst sich spielend und ganz individuell an die Bed\u00fcrfnisse Ihrer Fahrschule anpassen.<\/p>\n<p>Screenshots von ifas finden Sie\u00a0hier.<\/p>\n<h3>Die wichtigsten Features im \u00dcberblick<\/h3>\n<p>Der Funktionsumfang von ifas geht weit \u00fcber das Tagesgesch\u00e4ft hinaus. Neben selbstverst\u00e4ndlichen Funktionen wie z.B. der Verwaltung von Fahrstunden, Pr\u00fcfungen und theoretischen Unterrichten bietet ifas eine Menge weiterer Funktionalit\u00e4ten, wie beispielsweise:<\/p>\n<ul>\n<li>Erstellung von Ausbildungsauftr\u00e4gen, -nachweisen und -bescheinigungen<\/li>\n<li>Verwaltung beliebig vieler Fahrsch\u00fcler<\/li>\n<li>Fahrsch\u00fclerausbildungsst\u00e4nde jederzeit abrufbar<\/li>\n<li>Buchhaltung komplett auf den Euro umgestellt<\/li>\n<li>Verwaltung beliebig vieler Fahrlehrer, Angestellten und Fahrzeuge<\/li>\n<li>Arbeitszeitnachweise f\u00fcr Fahrlehrer, inkl. Lohnabrechnung<\/li>\n<li>Eigene Definition der F\u00fchrerscheinklassen, Leistungen, &#8230;<\/li>\n<li>Buchhaltung, Einnahmen-\/Ausgabenrechnung inkl. Umsatzsteuererkl\u00e4rung<\/li>\n<li>Verwaltung beliebig vieler Filialen<\/li>\n<li>Verwaltung aller eingegebenen Fahrstunden und theoretischen Unterrichte<\/li>\n<li>Verwaltung von Aufbauseminaren<\/li>\n<li>Automatisches Buchen von Standardleistungen<\/li>\n<li>Rechnungen, Mahnungen, Tagesnachweise und Lohnabrechnungen auf Knopfdruck<\/li>\n<li>Preislisten, Leistungsnachweise, &#8230;<\/li>\n<li>Fahrtenbuch<\/li>\n<li>Statistiken \u00fcber Fahrsch\u00fcler, Fahrlehrer, Filialen, &#8230;<\/li>\n<li>Textverarbeitung mit Serienbrieffunktion und eigenem Adressbuch<\/li>\n<li>Intuitive Bedienung durch selbsterkl\u00e4rende Grafiken und \u00fcbersichtlicher Men\u00fcstruktur<\/li>\n<li>Kontextsensitives Hilfesystem<\/li>\n<\/ul>\n<h3>und das alles ohne Aufpreis<\/h3>\n","protected":false},"excerpt":{"rendered":"<p>Fahrschulverwaltung leicht gemacht Das InTec Fahrschulsystem, kurz ifas, ist eine Verwaltungssoftware, die speziell f\u00fcr Fahrschulen entwickelt wurde. Das Konzept besteht aus der Umsetzung eine Software auf die, in dieser Branche, spezifischen Bed\u00fcrfnisse zuzuschneiden. Es wurde viel Wert auf die Gestaltung der Benutzeroberfl\u00e4che gelegt, damit auch unerfahrene PC-Anwender einfach mit dem Programm zurecht kommen. Die St\u00e4rken [&hellip;]<\/p>\n","protected":false},"author":1003,"featured_media":0,"parent":0,"menu_order":0,"comment_status":"closed","ping_status":"closed","template":"","meta":{"footnotes":""},"class_list":["post-422","page","type-page","status-publish","hentry"],"blocksy_meta":[],"_links":{"self":[{"href":"https:\/\/fahrschul-software.de\/index.php?rest_route=\/wp\/v2\/pages\/422","targetHints":{"allow":["GET"]}}],"collection":[{"href":"https:\/\/fahrschul-software.de\/index.php?rest_route=\/wp\/v2\/pages"}],"about":[{"href":"https:\/\/fahrschul-software.de\/index.php?rest_route=\/wp\/v2\/types\/page"}],"author":[{"embeddable":true,"href":"https:\/\/fahrschul-software.de\/index.php?rest_route=\/wp\/v2\/users\/1003"}],"replies":[{"embeddable":true,"href":"https:\/\/fahrschul-software.de\/index.php?rest_route=%2Fwp%2Fv2%2Fcomments&post=422"}],"version-history":[{"count":3,"href":"https:\/\/fahrschul-software.de\/index.php?rest_route=\/wp\/v2\/pages\/422\/revisions"}],"predecessor-version":[{"id":622,"href":"https:\/\/fahrschul-software.de\/index.php?rest_route=\/wp\/v2\/pages\/422\/revisions\/622"}],"wp:attachment":[{"href":"https:\/\/fahrschul-software.de\/index.php?rest_route=%2Fwp%2Fv2%2Fmedia&parent=422"}],"curies":[{"name":"wp","href":"https:\/\/api.w.org\/{rel}","templated":true}]}}