{"id":4,"date":"2013-05-20T15:14:19","date_gmt":"2013-05-20T13:14:19","guid":{"rendered":"http:\/\/fahrschul-software.de\/?page_id=4"},"modified":"2025-09-22T11:21:03","modified_gmt":"2025-09-22T09:21:03","slug":"startseite","status":"publish","type":"page","link":"https:\/\/fahrschul-software.de\/","title":{"rendered":"Startseite"},"content":{"rendered":"<h3>Willkommen bei woelke it-solution GmbH!<br \/>\nIhrem Anbieter f\u00fcr Fahrschulsoftware.<\/h3>\n<p>Der Schwerpunkt unserer T\u00e4tigkeit liegt in der Entwicklung von branchenspezifischen, individuellen Softwarel\u00f6sungen.<\/p>\n<p>H\u00f6chste Produktqualit\u00e4t und Kundenzufriedenheit sind unser Ziel.<\/p>\n<p>Unsere langj\u00e4hrigen Erfahrungen auf dem Fahrschul-Markt haben dazu beigetragen eine praxisgerechte Softwarel\u00f6sung f\u00fcr die t\u00e4gliche Verwaltungsarbeit zu entwickeln.<\/p>\n<p>Wir machen uns f\u00fcr Sie stark!<\/p>\n<p>Ein zufriedener Kundenstamm ist der Beweis den Anforderungen und W\u00fcnschen unserer Kunden mit Spitzenservice und Spitzenprodukten nachzukommen. Unser Service geht \u00fcber die Hilfestellung zu unseren Produkten hinaus, wir unterst\u00fctzen Sie auch bei andern anwendungsspezifischen Fragen.<\/p>\n<p>Mit dem Produkt\u00a0ifas\u00a0wurde in Zusammenarbeit mit renommierten Fahrschulen eine Software geschaffen, die im praktischen Einsatz \u00fcberzeugt. Zufriedene Fahrlehrer sind der Beweis, dass mit der Nutzung innovativer Technologien und der \u00dcberzeugung, dass Computer f\u00fcr den Menschen da sind und nicht umgekehrt, der richtige Weg eingeschlagen wurde.<\/p>\n<p>Suchen Sie einen kompetenten Partner, der Sie durch den Dschungel der allt\u00e4glichen Verwaltungsarbeit f\u00fchrt?<\/p>\n<p>Fragen Sie uns, wir sind f\u00fcr Sie da!<\/p>\n<p><strong>Achtung:<\/strong><\/p>\n<p>Der bisher verwendete SQL Server 2012 ist an seinem End of Life angekommen, das hei\u00dft es wird keine Sicherheitsupdates mehr geben, bisherige unentdeckte Sicherheitsl\u00fccken werden also nicht geschlossen.<\/p>\n<p>Um zu erfahren wie Sie ein Update f\u00fcr Ihr ifas_inhouse durchf\u00fchren folgen Sie diesem Link:\u00a0<a href=\"https:\/\/fahrschul-software.de\/?page_id=1008\">https:\/\/fahrschul-software.de\/?page_id=1008<\/a><\/p>\n<p>ifas_online Nutzer m\u00fcssen nichts unternehmen.<\/p>\n","protected":false},"excerpt":{"rendered":"<p>Willkommen bei woelke it-solution GmbH! Ihrem Anbieter f\u00fcr Fahrschulsoftware. Der Schwerpunkt unserer T\u00e4tigkeit liegt in der Entwicklung von branchenspezifischen, individuellen Softwarel\u00f6sungen. H\u00f6chste Produktqualit\u00e4t und Kundenzufriedenheit sind unser Ziel. Unsere langj\u00e4hrigen Erfahrungen auf dem Fahrschul-Markt haben dazu beigetragen eine praxisgerechte Softwarel\u00f6sung f\u00fcr die t\u00e4gliche Verwaltungsarbeit zu entwickeln. Wir machen uns f\u00fcr Sie stark! Ein zufriedener Kundenstamm [&hellip;]<\/p>\n","protected":false},"author":1003,"featured_media":0,"parent":0,"menu_order":0,"comment_status":"closed","ping_status":"closed","template":"","meta":{"footnotes":""},"class_list":["post-4","page","type-page","status-publish","hentry"],"blocksy_meta":[],"_links":{"self":[{"href":"https:\/\/fahrschul-software.de\/index.php?rest_route=\/wp\/v2\/pages\/4","targetHints":{"allow":["GET"]}}],"collection":[{"href":"https:\/\/fahrschul-software.de\/index.php?rest_route=\/wp\/v2\/pages"}],"about":[{"href":"https:\/\/fahrschul-software.de\/index.php?rest_route=\/wp\/v2\/types\/page"}],"author":[{"embeddable":true,"href":"https:\/\/fahrschul-software.de\/index.php?rest_route=\/wp\/v2\/users\/1003"}],"replies":[{"embeddable":true,"href":"https:\/\/fahrschul-software.de\/index.php?rest_route=%2Fwp%2Fv2%2Fcomments&post=4"}],"version-history":[{"count":33,"href":"https:\/\/fahrschul-software.de\/index.php?rest_route=\/wp\/v2\/pages\/4\/revisions"}],"predecessor-version":[{"id":1021,"href":"https:\/\/fahrschul-software.de\/index.php?rest_route=\/wp\/v2\/pages\/4\/revisions\/1021"}],"wp:attachment":[{"href":"https:\/\/fahrschul-software.de\/index.php?rest_route=%2Fwp%2Fv2%2Fmedia&parent=4"}],"curies":[{"name":"wp","href":"https:\/\/api.w.org\/{rel}","templated":true}]}}