{"id":1008,"date":"2022-09-22T16:22:43","date_gmt":"2022-09-22T14:22:43","guid":{"rendered":"https:\/\/fahrschul-software.de\/?page_id=1008"},"modified":"2022-09-26T08:46:05","modified_gmt":"2022-09-26T06:46:05","slug":"upgrade-von-sql-server-2012","status":"publish","type":"page","link":"https:\/\/fahrschul-software.de\/?page_id=1008","title":{"rendered":"Upgrade von SQL Server 2012"},"content":{"rendered":"\n<p><strong>Voraussetzungen pr\u00fcfen:<\/strong><\/p>\n\n\n\n<ul class=\"wp-block-list\"><li>Hardware-Voraussetzungen sehr \u00e4hnlich wie SQL Server 2012<\/li><li>zu beachten bleiben:<ul><li>nur 64-bit Systeme<\/li><li>Windows 10 TH1 1507 oder h\u00f6her (Versionen Juli 2015)<ul><li>Falls Sie eine \u00e4ltere Version als Windows 10 haben, k\u00f6nnen Sie auch auf SQL Server 2016 \/ 2017 ausweichen, hier ist die Mindestanforderung Windows 8<\/li><li>Windows 7 und \u00e4lter k\u00f6nnen also nicht mehr mit aktuellen Sicherheitspatches versorgt werden<\/li><\/ul><\/li><li>6GB freier Speicherplatz<\/li><li>mind .NET Framework 4.6 installiert<\/li><\/ul><\/li><li>wenn weitere Programme SQL Server 2012 nutzen k\u00f6nnen wir nicht garantieren dass diese weiterhin problemlos laufen<\/li><\/ul>\n\n\n\n<p><strong>Backup erstellen:<\/strong><\/p>\n\n\n\n<ul class=\"wp-block-list\"><li>Sie m\u00fcssen mit dem Windows Benutzer eingeloggt sein mit dem ifas installiert wurde <\/li><li>Dr\u00fccken Sie die Windows Taste um das Windows Men\u00fc zu \u00f6ffnen<\/li><li>Geben Sie &#8222;Microsoft SQL Server Management Studio 17&#8220; ein und starten Sie dieses<\/li><li>Geben Sie in Servername &#8222;.\\IFAS&#8220; ein<\/li><li>W\u00e4hlen Sie in Authentifizierung &#8222;Windows-Authentifizierung&#8220; aus<\/li><li>Klicken Sie auf Verbinden<\/li><li>Auf der linken Seite sehen Sie Ordner wie &#8222;Datenbanken&#8220; oder &#8222;Sicherheit&#8220;<\/li><li>\u00d6ffnen Sie \u00fcber das &#8222;+&#8220; den &#8222;Datenbanken&#8220;-Ordner<\/li><li>Hier sollten 3 Datenbanken zu sehen sein: &#8222;DBXXX&#8220; wobei XXX der Loginname in ifas ist, &#8222;ifasDB&#8220; und &#8222;GlobalDB&#8220;<ul><li>Falls hier mehr als 3 Datenbanken sind gibt es ein weiteres Programm das die Datenbank-Instanz nutzt. In dem Fall sollten Sie pr\u00fcfen welches Programm das ist und mit dem Hersteller kl\u00e4ren ob ein Upgrade zu Problemen f\u00fchren kann.<\/li><\/ul><\/li><li>Wir erstellen ein Backup von &#8222;DBXXX&#8220; und &#8222;ifasDB&#8220;<\/li><li>Klicken sie per rechtsklick auf die Datenbank \u00fcber &#8222;Tasks&#8220; auf &#8222;Sichern&#8230;&#8220;<\/li><li>Datenbankname ist die ausgew\u00e4hlte Datenbank<\/li><li>Sicherungstyp &#8222;Vollst\u00e4ndig&#8220;<\/li><li>Sicherungskomponente &#8222;Datenbank&#8220;<\/li><li>Sichern nach &#8222;Datentr\u00e4ger&#8220;<\/li><li>In dem wei\u00dfen Feld ist zu sehen in welche Ordner gespeichert wird. Dies sollte zu Beginn leer sein. Falls nicht entfernen Sie die Eintr\u00e4ge und erstellen \u00fcber &#8222;Hinzuf\u00fcgen&#8220; einen Ort den Sie sich merken k\u00f6nnen. Hier wird das Backup abgelegt.<\/li><li>OK<\/li><\/ul>\n\n\n\n<p>F\u00fchren Sie bitte erst fort wenn Sie beide Backups erstellt haben.<\/p>\n\n\n\n<p><strong>Durchf\u00fchrung des Upgrades:<\/strong><br>Zun\u00e4chst muss SQL Server 2012 auf einen aktuellen Stand gebracht werden um ein Upgrade auf SQL Server 2019 zu erm\u00f6glichen.<br>Dazu:<\/p>\n\n\n\n<ul class=\"wp-block-list\"><li>SQLServer2012SP4-KB4018073-x64-DEU.exe herunterladen <ul><li>Von dieser Website: <a href=\"http:\/\/www.fahrschul-software.de\/ifas6\/installationspakete\/SQLServer2012SP4-KB4018073-x64-DEU.exe\">http:\/\/www.fahrschul-software.de\/ifas6\/installationspakete\/SQLServer2012SP4-KB4018073-x64-DEU.exe<\/a><\/li><li>Oder von Microsoft: <a rel=\"noreferrer noopener\" href=\"https:\/\/www.microsoft.com\/de-DE\/download\/details.aspx?id=56040\" target=\"_blank\">https:\/\/www.microsoft.com\/de-DE\/download\/details.aspx?id=56040<\/a> achten Sie darauf die x64-Version zu w\u00e4hlen<\/li><\/ul><\/li><li>Datei ausf\u00fchren<\/li><li>Weiter<\/li><li>Lizenzbedingungen akzeptieren<\/li><li>Weiter<\/li><li>&#8222;IFAS&#8220; anhaken und unter IFAS &#8222;Database Engine Service&#8220; ausw\u00e4hlen<\/li><li>Weiter<\/li><li>(Hier musste im Test der Rechner neu gestartet werden und das Programm erneut gestartet werden. Unten rechts war der Symbol f\u00fcr Windows-Updates, zwei Pfeile die einen Kreis bilden, mit einem roten Punkt unten rechts.)<\/li><li>Aktualisieren: dies dauert einige Minuten<\/li><li>Schlie\u00dfen<\/li><\/ul>\n\n\n\n<p><strong>Upgrade auf SQL Server 2019<\/strong><\/p>\n\n\n\n<ul class=\"wp-block-list\"><li>SQLEXPR_x64_DEU herunterladen<ul><li>Von dieser Website: <a href=\"http:\/\/www.fahrschul-software.de\/ifas6\/installationspakete\/SQLEXPR2019_x64_DEU.exe\">http:\/\/www.fahrschul-software.de\/ifas6\/installationspakete\/SQLEXPR2019_x64_DEU.exe<\/a><\/li><li>Oder von Microsoft: <a rel=\"noreferrer noopener\" href=\"https:\/\/www.microsoft.com\/de-DE\/download\/confirmation.aspx?id=101064\" target=\"_blank\">https:\/\/www.microsoft.com\/de-DE\/download\/confirmation.aspx?id=101064<\/a><ul><li>Das hier geladene Programm bietet Ihnen die Funktion &#8222;Medien herunterladen&#8220;, dies klicken Sie an<\/li><li>&#8222;Express-Core&#8220; sollte vorausgew\u00e4hlt sein und ist das richtige<\/li><li>W\u00e4hlen Sie ein Download Verzeichnis und klicken Sie auf &#8222;Download&#8220;<\/li><\/ul><\/li><\/ul><\/li><li>&#8222;SQLEXPR_x64_DEU.exe&#8220; doppelklicken -&gt; Ordner aussuchen in den der Inhalt entpackt wird<\/li><li>Ordner \u00f6ffnen und SETUP ausf\u00fchren (Vorsicht: es wird die Setup.exe ben\u00f6tigt, es gibt auch eine setup.exe.config, achten Sie auch darauf dass evtl. die letzte Endung ausgeblendet wird)<\/li><li>Lizenzbedingungen und Datenschutzbestimmungen akzeptieren<\/li><li>Weiter<\/li><li>(empfohlen) automatische Updates aktivieren<\/li><li>Weiter<\/li><li>Unter &#8222;Zu aktualisierende Instanz&#8220; w\u00e4hlen Sie &#8222;IFAS&#8220;<\/li><li>Weiter (es werden einige Fenster automatisch durchlaufen)<\/li><li>Im letzten Fenster sollte &#8222;Abgeschlossen&#8220; stehen und bei den Funktionen sollte immer Status &#8222;Erfolgreich&#8220; stehen<\/li><li>Schlie\u00dfen<\/li><\/ul>\n\n\n\n<p>Gern unterst\u00fctzen wir Sie wenn Sie bedenken haben oder nicht weiter kommen.<br>Dies ist allerdings nicht durch unseren Wartungsvertrag abgedeckt und versursacht daher zus\u00e4tzliche Kosten.<\/p>\n","protected":false},"excerpt":{"rendered":"<p>Voraussetzungen pr\u00fcfen: Hardware-Voraussetzungen sehr \u00e4hnlich wie SQL Server 2012 zu beachten bleiben: nur 64-bit Systeme Windows 10 TH1 1507 oder h\u00f6her (Versionen Juli 2015) Falls Sie eine \u00e4ltere Version als Windows 10 haben, k\u00f6nnen Sie auch auf SQL Server 2016 \/ 2017 ausweichen, hier ist die Mindestanforderung Windows 8 Windows 7 und \u00e4lter k\u00f6nnen also [&hellip;]<\/p>\n","protected":false},"author":1003,"featured_media":0,"parent":0,"menu_order":0,"comment_status":"closed","ping_status":"closed","template":"","meta":{"footnotes":""},"class_list":["post-1008","page","type-page","status-publish","hentry"],"blocksy_meta":[],"_links":{"self":[{"href":"https:\/\/fahrschul-software.de\/index.php?rest_route=\/wp\/v2\/pages\/1008","targetHints":{"allow":["GET"]}}],"collection":[{"href":"https:\/\/fahrschul-software.de\/index.php?rest_route=\/wp\/v2\/pages"}],"about":[{"href":"https:\/\/fahrschul-software.de\/index.php?rest_route=\/wp\/v2\/types\/page"}],"author":[{"embeddable":true,"href":"https:\/\/fahrschul-software.de\/index.php?rest_route=\/wp\/v2\/users\/1003"}],"replies":[{"embeddable":true,"href":"https:\/\/fahrschul-software.de\/index.php?rest_route=%2Fwp%2Fv2%2Fcomments&post=1008"}],"version-history":[{"count":7,"href":"https:\/\/fahrschul-software.de\/index.php?rest_route=\/wp\/v2\/pages\/1008\/revisions"}],"predecessor-version":[{"id":1020,"href":"https:\/\/fahrschul-software.de\/index.php?rest_route=\/wp\/v2\/pages\/1008\/revisions\/1020"}],"wp:attachment":[{"href":"https:\/\/fahrschul-software.de\/index.php?rest_route=%2Fwp%2Fv2%2Fmedia&parent=1008"}],"curies":[{"name":"wp","href":"https:\/\/api.w.org\/{rel}","templated":true}]}}